{"id":474,"date":"2021-11-08T17:24:20","date_gmt":"2021-11-08T16:24:20","guid":{"rendered":"https:\/\/tomekkurzydlak.com\/de\/?post_type=product&#038;p=474"},"modified":"2024-10-11T02:34:56","modified_gmt":"2024-10-11T00:34:56","slug":"colorjoy-presets","status":"publish","type":"product","link":"https:\/\/tomekkurzydlak.com\/de\/product\/colorjoy-presets\/","title":{"rendered":"&#8220;COLORJOY&#8221; #13 wedding presets &#8211; Lr + DNG + ACR vorgaben"},"content":{"rendered":"<div id=\"twenty20-1\" class=\"twenty20\" style=\"width: 466px;\"><div class=\"twentytwenty-container twenty20-1 \"><img src=\"https:\/\/tomekkurzydlak.com\/de\/wp-content\/uploads\/2021\/11\/instagram_DSC_0001-65.jpeg\" \/><img src=\"https:\/\/tomekkurzydlak.com\/de\/wp-content\/uploads\/2021\/11\/instagram_DSC_0001-64.jpeg\" \/><\/div><script>jQuery(window).load(function(){jQuery(\".twentytwenty-container.twenty20-1[data-orientation!='vertical']\").twentytwenty({default_offset_pct: 0.5});jQuery(\".twenty20-1 .twentytwenty-before-label\").html(\"Before\");jQuery(\".twenty20-1 .twentytwenty-after-label\").html(\"After\");});<\/script><\/div>\n<div id=\"twenty20-2\" class=\"twenty20\" style=\"width: 466px;\"><div class=\"twentytwenty-container twenty20-2 \"><img src=\"https:\/\/tomekkurzydlak.com\/de\/wp-content\/uploads\/2021\/11\/instagram_DSC_0001-67.jpeg\" \/><img src=\"https:\/\/tomekkurzydlak.com\/de\/wp-content\/uploads\/2021\/11\/instagram_DSC_0001-66.jpeg\" \/><\/div><script>jQuery(window).load(function(){jQuery(\".twentytwenty-container.twenty20-2[data-orientation!='vertical']\").twentytwenty({default_offset_pct: 0.5});jQuery(\".twenty20-2 .twentytwenty-before-label\").html(\"Before\");jQuery(\".twenty20-2 .twentytwenty-after-label\").html(\"After\");});<\/script><\/div>\n<div id=\"twenty20-3\" class=\"twenty20\" style=\"width: 466px;\"><div class=\"twentytwenty-container twenty20-3 \"><img src=\"https:\/\/tomekkurzydlak.com\/de\/wp-content\/uploads\/2021\/11\/pre-DSC_0001-5-1.jpg\" \/><img src=\"https:\/\/tomekkurzydlak.com\/de\/wp-content\/uploads\/2021\/11\/aft-DSC_0001-12-1.jpg\" \/><\/div><script>jQuery(window).load(function(){jQuery(\".twentytwenty-container.twenty20-3[data-orientation!='vertical']\").twentytwenty({default_offset_pct: 0.5});jQuery(\".twenty20-3 .twentytwenty-before-label\").html(\"Before\");jQuery(\".twenty20-3 .twentytwenty-after-label\").html(\"After\");});<\/script><\/div>\n<div id=\"twenty20-4\" class=\"twenty20\" style=\"width: 466px;\"><div class=\"twentytwenty-container twenty20-4 \"><img src=\"https:\/\/tomekkurzydlak.com\/de\/wp-content\/uploads\/2021\/11\/pre-DSC_0002-2.jpg\" \/><img src=\"https:\/\/tomekkurzydlak.com\/de\/wp-content\/uploads\/2021\/11\/aft-DSC_0002-2.jpg\" \/><\/div><script>jQuery(window).load(function(){jQuery(\".twentytwenty-container.twenty20-4[data-orientation!='vertical']\").twentytwenty({default_offset_pct: 0.5});jQuery(\".twenty20-4 .twentytwenty-before-label\").html(\"Before\");jQuery(\".twenty20-4 .twentytwenty-after-label\").html(\"After\");});<\/script><\/div>\n<div id=\"twenty20-5\" class=\"twenty20\" style=\"width: 466px;\"><div class=\"twentytwenty-container twenty20-5 \"><img src=\"https:\/\/tomekkurzydlak.com\/de\/wp-content\/uploads\/2021\/11\/instagram_DSC_0001-63.jpeg\" \/><img src=\"https:\/\/tomekkurzydlak.com\/de\/wp-content\/uploads\/2021\/11\/instagram_DSC_0001-62.jpeg\" \/><\/div><script>jQuery(window).load(function(){jQuery(\".twentytwenty-container.twenty20-5[data-orientation!='vertical']\").twentytwenty({default_offset_pct: 0.5});jQuery(\".twenty20-5 .twentytwenty-before-label\").html(\"Before\");jQuery(\".twenty20-5 .twentytwenty-after-label\").html(\"After\");});<\/script><\/div>\n<div id=\"twenty20-6\" class=\"twenty20\" style=\"width: 466px;\"><div class=\"twentytwenty-container twenty20-6 \"><img src=\"https:\/\/tomekkurzydlak.com\/de\/wp-content\/uploads\/2021\/11\/instagram_DSC_0001-51.jpeg\" \/><img src=\"https:\/\/tomekkurzydlak.com\/de\/wp-content\/uploads\/2021\/11\/instagram_DSC_0001-50.jpeg\" \/><\/div><script>jQuery(window).load(function(){jQuery(\".twentytwenty-container.twenty20-6[data-orientation!='vertical']\").twentytwenty({default_offset_pct: 0.5});jQuery(\".twenty20-6 .twentytwenty-before-label\").html(\"Before\");jQuery(\".twenty20-6 .twentytwenty-after-label\").html(\"After\");});<\/script><\/div>\n<div id=\"twenty20-7\" class=\"twenty20\" style=\"width: 466px;\"><div class=\"twentytwenty-container twenty20-7 \"><img src=\"https:\/\/tomekkurzydlak.com\/de\/wp-content\/uploads\/2021\/11\/instagram_DSC_0001-50-1.jpeg\" \/><img src=\"https:\/\/tomekkurzydlak.com\/de\/wp-content\/uploads\/2021\/11\/instagram_DSC_0001-49-1.jpeg\" \/><\/div><script>jQuery(window).load(function(){jQuery(\".twentytwenty-container.twenty20-7[data-orientation!='vertical']\").twentytwenty({default_offset_pct: 0.5});jQuery(\".twenty20-7 .twentytwenty-before-label\").html(\"Before\");jQuery(\".twenty20-7 .twentytwenty-after-label\").html(\"After\");});<\/script><\/div>\n<div id=\"twenty20-8\" class=\"twenty20\" style=\"width: 466px;\"><div class=\"twentytwenty-container twenty20-8 \"><img src=\"https:\/\/tomekkurzydlak.com\/de\/wp-content\/uploads\/2021\/11\/instagram_DSC_0001-55.jpeg\" \/><img src=\"https:\/\/tomekkurzydlak.com\/de\/wp-content\/uploads\/2021\/11\/instagram_DSC_0001-54.jpeg\" \/><\/div><script>jQuery(window).load(function(){jQuery(\".twentytwenty-container.twenty20-8[data-orientation!='vertical']\").twentytwenty({default_offset_pct: 0.5});jQuery(\".twenty20-8 .twentytwenty-before-label\").html(\"Before\");jQuery(\".twenty20-8 .twentytwenty-after-label\").html(\"After\");});<\/script><\/div>\n<div id=\"twenty20-9\" class=\"twenty20\" style=\"width: 466px;\"><div class=\"twentytwenty-container twenty20-9 \"><img src=\"https:\/\/tomekkurzydlak.com\/de\/wp-content\/uploads\/2021\/11\/xyz-1.jpg\" \/><img src=\"https:\/\/tomekkurzydlak.com\/de\/wp-content\/uploads\/2021\/11\/xyz-2.jpg\" \/><\/div><script>jQuery(window).load(function(){jQuery(\".twentytwenty-container.twenty20-9[data-orientation!='vertical']\").twentytwenty({default_offset_pct: 0.5});jQuery(\".twenty20-9 .twentytwenty-before-label\").html(\"Before\");jQuery(\".twenty20-9 .twentytwenty-after-label\").html(\"After\");});<\/script><\/div>\n<div id=\"twenty20-10\" class=\"twenty20\" style=\"width: 466px;\"><div class=\"twentytwenty-container twenty20-10 \"><img src=\"https:\/\/tomekkurzydlak.com\/de\/wp-content\/uploads\/2021\/11\/xyz-3.jpg\" \/><img src=\"https:\/\/tomekkurzydlak.com\/de\/wp-content\/uploads\/2021\/11\/xyz-4.jpg\" \/><\/div><script>jQuery(window).load(function(){jQuery(\".twentytwenty-container.twenty20-10[data-orientation!='vertical']\").twentytwenty({default_offset_pct: 0.5});jQuery(\".twenty20-10 .twentytwenty-before-label\").html(\"Before\");jQuery(\".twenty20-10 .twentytwenty-after-label\").html(\"After\");});<\/script><\/div>\n<div id=\"twenty20-11\" class=\"twenty20\" style=\"width: 466px;\"><div class=\"twentytwenty-container twenty20-11 \"><img src=\"https:\/\/tomekkurzydlak.com\/de\/wp-content\/uploads\/2021\/11\/instagram_DSC_0001-45-1.jpeg\" \/><img src=\"https:\/\/tomekkurzydlak.com\/de\/wp-content\/uploads\/2021\/11\/instagram_DSC_0001-44-1.jpeg\" \/><\/div><script>jQuery(window).load(function(){jQuery(\".twentytwenty-container.twenty20-11[data-orientation!='vertical']\").twentytwenty({default_offset_pct: 0.5});jQuery(\".twenty20-11 .twentytwenty-before-label\").html(\"Before\");jQuery(\".twenty20-11 .twentytwenty-after-label\").html(\"After\");});<\/script><\/div>\n<div id=\"twenty20-12\" class=\"twenty20\" style=\"width: 466px;\"><div class=\"twentytwenty-container twenty20-12 \"><img src=\"https:\/\/tomekkurzydlak.com\/de\/wp-content\/uploads\/2021\/11\/instagram_DSC_0001-47.jpeg\" \/><img src=\"https:\/\/tomekkurzydlak.com\/de\/wp-content\/uploads\/2021\/11\/instagram_DSC_0001-46.jpeg\" \/><\/div><script>jQuery(window).load(function(){jQuery(\".twentytwenty-container.twenty20-12[data-orientation!='vertical']\").twentytwenty({default_offset_pct: 0.5});jQuery(\".twenty20-12 .twentytwenty-before-label\").html(\"Before\");jQuery(\".twenty20-12 .twentytwenty-after-label\").html(\"After\");});<\/script><\/div>\n<div id=\"twenty20-13\" class=\"twenty20\" style=\"width: 466px;\"><div class=\"twentytwenty-container twenty20-13 \"><img src=\"https:\/\/tomekkurzydlak.com\/de\/wp-content\/uploads\/2021\/11\/pre-DSC_0001-5.jpg\" \/><img src=\"https:\/\/tomekkurzydlak.com\/de\/wp-content\/uploads\/2021\/11\/aft-DSC_0001-12.jpg\" \/><\/div><script>jQuery(window).load(function(){jQuery(\".twentytwenty-container.twenty20-13[data-orientation!='vertical']\").twentytwenty({default_offset_pct: 0.5});jQuery(\".twenty20-13 .twentytwenty-before-label\").html(\"Before\");jQuery(\".twenty20-13 .twentytwenty-after-label\").html(\"After\");});<\/script><\/div>\n<p>Das Paket enth\u00e4lt folgende Voreinstellungen (XMP + DNG):<\/p>\n<ol>\n<li>Colorjoy 00<\/li>\n<li>Colorjoy 01<\/li>\n<li>Colorjoy 02<\/li>\n<li>Colorjoy 03<\/li>\n<li>Colorjoy 04<\/li>\n<li>Colorjoy 05<\/li>\n<li>Colorjoy 06<\/li>\n<li>Colorjoy 07<\/li>\n<li>Colorjoy 08<\/li>\n<li>Colorjoy 09<\/li>\n<li>Colorjoy 10<\/li>\n<li>Colorjoy 11<\/li>\n<\/ol>\n<p>und Werkzeuge:<\/p>\n<ol>\n<li>Punch &#8211; Aufhellungsvoreinstellung<\/li>\n<li>Sky-Punch &#8211; der Himmel wird wieder sichtbar<\/li>\n<li>Tone &#8211; Voreinstellung, die mehr warme Farbe hinzuf\u00fcgt<\/li>\n<li>Vignette-I &#8211; Voreinstellung zum Hinzuf\u00fcgen einer zarten Vignette<\/li>\n<li>Vignette-II &#8211; Voreinstellung zum Hinzuf\u00fcgen einer st\u00e4rkeren Vignette<\/li>\n<\/ol>\n<p>W\u00e4hlen Sie einfach eine Voreinstellung aus der Liste aus und passen Sie Belichtung und Wei\u00dfabgleich an.<br \/>\nWenn Ihnen die perfekte Farbwiedergabe wichtig ist, verwenden Sie die integrierten Farbprofile.<\/p>\n<p>\u00c4ndern Sie dazu in Lightroom in der Palette &#8220;Basic&#8221; rechts, direkt unter dem Histogramm, das Farbprofil im Feld &#8220;Profil&#8221; von &#8220;Adobe Standard&#8221; auf das am besten passende Profil Ihrer Kamera aus &#8220;Camera Passender&#8221; Pool.<\/p>\n<p>F\u00fcr die Marke Canon wird es am h\u00e4ufigsten das Profil &#8220;Neutral&#8221; oder &#8220;Portrait&#8221; sein. F\u00fcr Kameras der Marke Fuji &#8220;Provia&#8221; oder &#8220;Astia&#8221; F\u00fcr Kameras der Marke Nikon &#8220;Portrait&#8221; oder &#8220;Neutral&#8221; F\u00fcr Kameras von Sony &#8220;Neutral&#8221;, &#8220;Portrait&#8221; oder &#8220;Light&#8221;&#8221;.<\/p>\n<p>Wenn Sie nach dem Kauf Probleme haben, die Voreinstellung an Ihre Fotos anzupassen, besuchen Sie unseren Kanal auf YT. Sie k\u00f6nnen auch immer einige RAWs senden. Wir werden sie f\u00fcr Sie verarbeiten und im DNG-Format senden, damit Sie die Einstellungen und \u00c4nderungen verfolgen k\u00f6nnen \ud83d\ude42<\/p>\n<p>HINWEIS: Voreinstellungen werden automatisch an die angegebene E-Mail-Adresse gesendet &#8211; wenn Sie keine Voreinstellungen erhalten, \u00fcberpr\u00fcfen Sie den SPAM-Ordner<\/p>\n","protected":false},"excerpt":{"rendered":"<p><strong>Scrollen Sie nach unten, um Vorher-Nachher-Fotos zu sehen<\/strong><\/p>\n<p>\u201eCOLORJOY\u201c-Voreinstellungen sind die Antwort auf die Notwendigkeit, sch\u00f6ne, kr\u00e4ftige Farben und kontrastreiche Fotos zu erhalten. Dank dieser Hochzeits-Presets bekommst du m\u00e4rchenhafte Farben und die Verarbeitung wird wieder zum Vergn\u00fcgen \ud83d\ude42 Um dieses Paket zu erstellen, haben wir Fotos von Kameras verschiedener Marken &#8211; Canon, Fuji, Nikon und Sony &#8211; bearbeitet und mit entsprechenden Farben abgeglichen Profile (lesen Sie den Text unten, um mehr zu erfahren) ). Dieses Kit enth\u00e4lt insgesamt 17 Voreinstellungen f\u00fcr Adobe Lightroom 4, 5, 6, CC, Mobile, ACR und PS &#8211; auch f\u00fcr Telefon (iPhone und Android). (In \u00e4lteren Lightroom-Versionen wie 4 und 5 m\u00f6glich \u00fcber mitgelieferte DNG-Dateien zu verwenden). Dar\u00fcber hinaus enth\u00e4lt das Paket Werkzeuge zum Anpassen der Farbe, Vignette, Dehnen des Himmels und Installationsanweisungen.<\/p>\n<p>Wenn Sie etwas an Ihrer Behandlung \u00e4ndern m\u00f6chten, f\u00fchren Sie lebendige, kr\u00e4ftige Farben ein &#8211; dies ist das perfekte Paket f\u00fcr Sie!<\/p>\n<p>Alle Voreinstellungen im XMP- und DNG-Format verf\u00fcgbar &#8211; funktionieren auch in Adobe Photoshop und mobilen Versionen auf dem Telefon<\/p>\n<p>Installationsanweisungen werden mit den Voreinstellungen enthalten sein. Auf unserem YT-Kanal finden Sie Videos, in denen ich zeige, wie ich mit diesen Voreinstellungen Fotos bearbeite.<\/p>\n<p>Voreinstellungen kommen an die E-Mail-Adresse<\/p>\n<p>&nbsp;<\/p>\n","protected":false},"featured_media":481,"comment_status":"open","ping_status":"closed","template":"","meta":{"_monsterinsights_skip_tracking":false,"_monsterinsights_sitenote_active":false,"_monsterinsights_sitenote_note":"","_monsterinsights_sitenote_category":0},"_links":{"self":[{"href":"https:\/\/tomekkurzydlak.com\/de\/wp-json\/wp\/v2\/product\/474"}],"collection":[{"href":"https:\/\/tomekkurzydlak.com\/de\/wp-json\/wp\/v2\/product"}],"about":[{"href":"https:\/\/tomekkurzydlak.com\/de\/wp-json\/wp\/v2\/types\/product"}],"replies":[{"embeddable":true,"href":"https:\/\/tomekkurzydlak.com\/de\/wp-json\/wp\/v2\/comments?post=474"}],"wp:featuredmedia":[{"embeddable":true,"href":"https:\/\/tomekkurzydlak.com\/de\/wp-json\/wp\/v2\/media\/481"}],"wp:attachment":[{"href":"https:\/\/tomekkurzydlak.com\/de\/wp-json\/wp\/v2\/media?parent=474"}],"curies":[{"name":"wp","href":"https:\/\/api.w.org\/{rel}","templated":true}]}}