{"id":362,"date":"2021-04-23T11:18:34","date_gmt":"2021-04-23T09:18:34","guid":{"rendered":"https:\/\/tomekkurzydlak.com\/de\/?post_type=product&#038;p=362"},"modified":"2025-09-29T21:53:34","modified_gmt":"2025-09-29T19:53:34","slug":"newborn-lr-vorgaben-presets","status":"publish","type":"product","link":"https:\/\/tomekkurzydlak.com\/de\/product\/newborn-lr-vorgaben-presets\/","title":{"rendered":"&#8220;Newborn&#8221; #07 family presets"},"content":{"rendered":"<p><img loading=\"lazy\" class=\"aligncenter wp-image-40557 size-large\" src=\"https:\/\/tomekkurzydlak.com\/wp-content\/uploads\/2019\/12\/sklejka-865x1024.jpg\" alt=\"\" width=\"865\" height=\"1024\" \/><\/p>\n<p><strong>Siehe Anwendungsbeispiele und Bilder vorher und nachher <a href=\"https:\/\/tomekkurzydlak.com\/de\/newborn-lr-vorgaben-presets-samples\/\">&#8220;Newborn&#8221; &#8211; Family presets<\/a><\/strong><\/p>\n<p>Das Paket enth\u00e4lt folgende Voreinstellungen:<\/p>\n<ol>\n<li>01 Newborn<\/li>\n<li>02 Newborn<\/li>\n<li>03 Newborn<\/li>\n<li>04 Newborn<\/li>\n<li>05 Newborn<\/li>\n<li>06 Newborn<\/li>\n<li>07 Newborn<\/li>\n<li>08 Newborn<\/li>\n<li>09 Newborn<\/li>\n<li>10 Newborn<\/li>\n<li>11 Newborn<\/li>\n<li>12 Newborn &#8211; BLUR<\/li>\n<li>13 Newborn &#8211; BLUR<\/li>\n<li>14 Newborn &#8211; BLUR<\/li>\n<li>BW1 Newborn<\/li>\n<li>BW2 Newborn<\/li>\n<li>BW3 Newborn<\/li>\n<\/ol>\n<p>und Werkzeuge:<\/p>\n<ol>\n<li>Grain &#8212;<\/li>\n<li>Grain +<\/li>\n<li>Grain ++<\/li>\n<li>Reset<\/li>\n<\/ol>\n<p>W\u00e4hlen Sie einfach eine Voreinstellung aus der Liste und passen Sie die Belichtung und den Wei\u00dfabgleich an.<br \/>\nAbh\u00e4ngig von der Belichtung des Fotos kann es erforderlich sein, die Belichtung zu erh\u00f6hen.<\/p>\n<p>Wenn Sie Probleme haben, die Voreinstellung nach dem Kauf an Ihre Fotos anzupassen, besuchen Sie unseren YT-Kanal. Sie k\u00f6nnen auch immer ein paar RAWs senden. Wir werden sie f\u00fcr Sie verarbeiten und im DNG-Format zur\u00fccksenden, damit Sie die Einstellungen und \u00c4nderungen nachverfolgen k\u00f6nnen \ud83d\ude42<\/p>\n<p><strong>Siehe Anwendungsbeispiele und Bilder vorher und nachher <a href=\"https:\/\/tomekkurzydlak.com\/de\/newborn-lr-vorgaben-presets-samples\/\">&#8220;Newborn&#8221; &#8211; Family presets<\/a><\/strong><\/p>\n","protected":false},"excerpt":{"rendered":"<p>&#8220;Newborn Presets&#8221; ist eine Reihe von Presets f\u00fcr Lr + ACR, die speziell f\u00fcr die Studio- \/ Heimfotografie von Neugeborenen, Babys und Familienmitgliedern entwickelt wurden. Es ist ein ziemlich gro\u00dfes Paket, da es bis zu 17 verschiedene Voreinstellungen enth\u00e4lt, darunter 3 Schwarzwei\u00df-Voreinstellungen. Die Voreinstellungen, die Sie in diesem Set finden, verleihen der Haut des Babys eine angenehme Farbe, mildern Unvollkommenheiten und maskieren die Verstopfung und Verf\u00e4rbung von Neugeborenen. Dank des verwendeten Maskierungsfilters, der die Kanten des Rahmens fein verwischt, wird der Hintergrund h\u00e4ufig noch heller und unscharfer. Dieses wunderbare Paket wird die Arbeit jedes Fotografen, der sich mit Kinderfotografie befasst, erheblich verbessern.<\/p>\n<p><strong>Au\u00dferdem sind alle Presets im XMP-Format kostenlos! (Lightroom und ACR)<\/strong><\/p>\n<p>Installationsanweisungen sind in den Voreinstellungen enthalten<\/p>\n<p><strong>Siehe Anwendungsbeispiele und Bilder vorher und nachher <a href=\"https:\/\/tomekkurzydlak.com\/de\/newborn-lr-vorgaben-presets-samples\/\">&#8220;Newborn&#8221; &#8211; Family presets<\/a><\/strong><\/p>\n","protected":false},"featured_media":363,"comment_status":"open","ping_status":"closed","template":"","meta":{"_monsterinsights_skip_tracking":false,"_monsterinsights_sitenote_active":false,"_monsterinsights_sitenote_note":"","_monsterinsights_sitenote_category":0},"_links":{"self":[{"href":"https:\/\/tomekkurzydlak.com\/de\/wp-json\/wp\/v2\/product\/362"}],"collection":[{"href":"https:\/\/tomekkurzydlak.com\/de\/wp-json\/wp\/v2\/product"}],"about":[{"href":"https:\/\/tomekkurzydlak.com\/de\/wp-json\/wp\/v2\/types\/product"}],"replies":[{"embeddable":true,"href":"https:\/\/tomekkurzydlak.com\/de\/wp-json\/wp\/v2\/comments?post=362"}],"wp:featuredmedia":[{"embeddable":true,"href":"https:\/\/tomekkurzydlak.com\/de\/wp-json\/wp\/v2\/media\/363"}],"wp:attachment":[{"href":"https:\/\/tomekkurzydlak.com\/de\/wp-json\/wp\/v2\/media?parent=362"}],"curies":[{"name":"wp","href":"https:\/\/api.w.org\/{rel}","templated":true}]}}