{"id":264,"date":"2020-04-30T20:11:19","date_gmt":"2020-04-30T18:11:19","guid":{"rendered":"https:\/\/tomekkurzydlak.com\/de\/?post_type=product&#038;p=264"},"modified":"2025-04-12T01:14:44","modified_gmt":"2025-04-11T23:14:44","slug":"moody-vibes-06-wedding-presets","status":"publish","type":"product","link":"https:\/\/tomekkurzydlak.com\/de\/product\/moody-vibes-06-wedding-presets\/","title":{"rendered":"&#8220;Moody Vibes&#8221; #06 wedding presets"},"content":{"rendered":"<p><img loading=\"lazy\" class=\"size-full wp-image-38668 alignright\" src=\"https:\/\/tomekkurzydlak.com\/wp-content\/uploads\/2019\/11\/small-moody-vibes-sklejka.jpg\" alt=\"moody vibes wedding presets\" width=\"600\" height=\"710\" \/><\/p>\n<p><strong>Siehe Anwendungsbeispiele und Bilder vorher und nachher <a href=\"https:\/\/tomekkurzydlak.com\/de\/moody-vibes-wedding-presets-samples\/\">Moody Vibes presets<\/a><\/strong><\/p>\n<p>Das Paket enth\u00e4lt folgende Voreinstellungen:<\/p>\n<ol>\n<li>Moody Vibes 01<\/li>\n<li>Moody Vibes 02<\/li>\n<li>Moody Vibes 03<\/li>\n<li>Moody Vibes 04<\/li>\n<li>Moody Vibes 05<\/li>\n<li>Moody Vibes 06<\/li>\n<li>Moody Vibes 07<\/li>\n<li>Moody Vibes 08<\/li>\n<li>Moody Vibes 09<\/li>\n<\/ol>\n<p>Dar\u00fcber hinaus sind 2 Vorbehalte der spezifischen Verwendung kostenlos:<\/p>\n<ol>\n<li>Moody Vibes BW &#8211; unser Lieblingsfilm &#8220;Look&#8221; in schwarz \/ wei\u00df<\/li>\n<li>Moody Vibes Tilt V &#8211; Linseneffekt &#8220;TILT&#8221; &#8211; Verwischen Sie die R\u00e4nder des Fotos<\/li>\n<\/ol>\n<p>und Werkzeuge:<\/p>\n<ol>\n<li>Grain &#8212;<\/li>\n<li>Grain +<\/li>\n<li>Grain ++<\/li>\n<li>Vignette +<\/li>\n<li>Reset<\/li>\n<\/ol>\n<p>W\u00e4hlen Sie einfach eine Voreinstellung aus der Liste und passen Sie die Belichtung und den Wei\u00dfabgleich an.<br \/>\nAbh\u00e4ngig von der Belichtung des Fotos kann es erforderlich sein, die Belichtung zu verringern und vorsichtig mit dem Schieberegler aus dem Kontrast zu spielen (weitere Informationen auf unserem YT-Kanal).<br \/>\nWenn Sie kein Bildrauschen m\u00f6gen, verwenden Sie die Voreinstellung &#8220;Grain &#8212;&#8220;.<br \/>\nGetreide wird auf ein Minimum reduziert.<\/p>\n<p>Wenn Sie nach dem Kauf Probleme haben, die Voreinstellung an Ihre Fotos anzupassen, besuchen Sie unseren Kanal auf YT. Sie k\u00f6nnen auch immer einige RAWs senden. Wir werden sie f\u00fcr Sie verarbeiten und im DNG-Format senden, damit Sie die Einstellungen und \u00c4nderungen verfolgen k\u00f6nnen \ud83d\ude42<\/p>\n<p><strong>Siehe Anwendungsbeispiele und Bilder vorher und nachher <a href=\"https:\/\/tomekkurzydlak.com\/de\/moody-vibes-wedding-presets-samples\/\">Moody Vibes presets<\/a><\/strong><\/p>\n","protected":false},"excerpt":{"rendered":"<p>Die Hochzeitsvoreinstellungen f\u00fcr &#8220;Moody Vibes&#8221; bestehen aus 11 Voreinstellungen f\u00fcr Adobe Lightroom 4, 5, 6, CC, Mobile und ACR. Dar\u00fcber hinaus enth\u00e4lt das Paket verschiedene Tools zum Einstellen von Ger\u00e4uschen und Vignetten sowie Installationsanweisungen. Dank dieser Voreinstellungen verleihen Sie Ihren Fotos einen modischen, nicht ges\u00e4ttigten, ziemlich dunklen und leicht unscharfen Charakter.<\/p>\n<p>Voreinstellungen beziehen sich auf die analoge Fotografie. Perfekt f\u00fcr Outdoor-Sessions im Sommer und Herbst in der wundersch\u00f6nen tiefen Sonne. Die Farben (insbesondere Gr\u00fcn) werden ents\u00e4ttigt, die Lichter werden leicht unscharf, die gesamte B\u00fchne wird hellbeigefarben. Als Erg\u00e4nzung zu diesem analogen Effekt empfehlen wir Ihnen, den &#8220;Tilt&#8221; -Effekt zu verwenden, den Sie in diesem Paket finden. Unsere einzigartige Voreinstellung f\u00fcr BW ist ebenfalls eine ideale Erg\u00e4nzung. Wenn Sie analoge Fotografie genau wie wir lieben, wird dieses Preset zu Ihrem Favoriten. Au\u00dferdem sind alle Voreinstellungen im XMP-Format kostenlos!<\/p>\n<p><em>&#8220;Moody Vibes sind die Auswirkungen unserer f\u00fcnfzehnj\u00e4hrigen Arbeit als Hochzeitsfotografen. Wir kreieren sie seit Jahren auf der Suche nach den besten Einstellungen, und unsere Rezensenten waren unsere Kunden &#8211; junge Paare. Die Voreinstellungen, die Sie in diesem Paket finden, passen am besten zu den Bildern, auf denen Sie das sch\u00f6ne Gegenlicht eingefangen haben. Sie geben einen zarten Beigeton, reduzieren Kontraste und scharfe Schatten. Abh\u00e4ngig von der von Ihnen gew\u00e4hlten Voreinstellung k\u00f6nnen Sie sich f\u00fcr einen st\u00e4rkeren oder schw\u00e4cheren &#8220;Moody Vibes&#8221; -Effekt entscheiden.&#8221;<\/em><\/p>\n<p>Installationsanweisungen sind in den Voreinstellungen enthalten<\/p>\n<p><strong>Siehe Anwendungsbeispiele und Bilder vorher und nachher <a href=\"https:\/\/tomekkurzydlak.com\/de\/moody-vibes-wedding-presets-samples\/\">Moody Vibes presets<\/a><\/strong><\/p>\n","protected":false},"featured_media":273,"comment_status":"open","ping_status":"closed","template":"","meta":{"_monsterinsights_skip_tracking":false,"_monsterinsights_sitenote_active":false,"_monsterinsights_sitenote_note":"","_monsterinsights_sitenote_category":0},"_links":{"self":[{"href":"https:\/\/tomekkurzydlak.com\/de\/wp-json\/wp\/v2\/product\/264"}],"collection":[{"href":"https:\/\/tomekkurzydlak.com\/de\/wp-json\/wp\/v2\/product"}],"about":[{"href":"https:\/\/tomekkurzydlak.com\/de\/wp-json\/wp\/v2\/types\/product"}],"replies":[{"embeddable":true,"href":"https:\/\/tomekkurzydlak.com\/de\/wp-json\/wp\/v2\/comments?post=264"}],"wp:featuredmedia":[{"embeddable":true,"href":"https:\/\/tomekkurzydlak.com\/de\/wp-json\/wp\/v2\/media\/273"}],"wp:attachment":[{"href":"https:\/\/tomekkurzydlak.com\/de\/wp-json\/wp\/v2\/media?parent=264"}],"curies":[{"name":"wp","href":"https:\/\/api.w.org\/{rel}","templated":true}]}}