{"id":21,"date":"2019-04-24T20:10:48","date_gmt":"2019-04-24T18:10:48","guid":{"rendered":"https:\/\/tomekkurzydlak.com\/de\/product\/import-placeholder-for-39718\/"},"modified":"2021-03-12T12:51:22","modified_gmt":"2021-03-12T11:51:22","slug":"bright-tones-03-wedding-presets","status":"publish","type":"product","link":"https:\/\/tomekkurzydlak.com\/de\/product\/bright-tones-03-wedding-presets\/","title":{"rendered":"&#8220;Bright tones&#8221; #03 wedding presets"},"content":{"rendered":"<p><img loading=\"lazy\" class=\"size-full wp-image-38668 alignright\" src=\"https:\/\/tomekkurzydlak.com\/wp-content\/uploads\/2019\/04\/bright1.jpg\" alt=\"warm tones wedding presets\" width=\"600\" height=\"710\" \/><\/p>\n<p>Das Paket enth\u00e4lt folgende Voreinstellungen:<\/p>\n<ol>\n<li>Bright tones 1<\/li>\n<li>Bright tones 2<\/li>\n<li>Bright tones 3<\/li>\n<li>Bright tones 4<\/li>\n<li>Bright tones 5<\/li>\n<li>Bright tones 6<\/li>\n<li>Bright tones 7<\/li>\n<li>Bright tones 8<\/li>\n<li>Bright tones 9<\/li>\n<\/ol>\n<p>und Werkzeuge:<\/p>\n<ol>\n<li>Grain &#8212;<\/li>\n<li>Grain +<\/li>\n<li>Grain ++<\/li>\n<li>Vignette +<\/li>\n<li>Reset<\/li>\n<\/ol>\n","protected":false},"excerpt":{"rendered":"<p>&#8220;Bright Tones&#8221; Hochzeitsvoreinstellungen sind eine Reihe von 9 Voreinstellungen f\u00fcr Adobe Lightroom 4, 5, 6, CC. Dar\u00fcber hinaus enth\u00e4lt das Paket mehrere Tools zum Anpassen von Ger\u00e4uschen und Vignetten sowie Installationsanweisungen. Dank dieser Voreinstellungen verleihen Sie Ihren Fotos einen neuen, einzigartigen Charakter. Presets eignen sich perfekt f\u00fcr elegante Outdoor-Sitzungen sowie f\u00fcr wundersch\u00f6ne Hochzeitsdetails wie alle Hochzeits-R\u00e4tsel oder Tischdekorationen.<\/p>\n<p>W\u00e4hlen Sie einfach eine Voreinstellung aus der Liste aus und passen Sie die Belichtung und den Wei\u00dfabgleich an. Je nach Belichtung muss die Belichtung m\u00f6glicherweise erh\u00f6ht werden.<\/p>\n<p>Die Presets, die Sie in diesem Paket finden, werden am besten zu den eleganten Fotos passen, die im Inneren des Palastes oder in der N\u00e4he der Palastarchitektur aufgenommen wurden. Sie geben lebendige, helle Farben.<\/p>\n","protected":false},"featured_media":86,"comment_status":"open","ping_status":"closed","template":"","meta":{"_monsterinsights_skip_tracking":false,"_monsterinsights_sitenote_active":false,"_monsterinsights_sitenote_note":"","_monsterinsights_sitenote_category":0},"_links":{"self":[{"href":"https:\/\/tomekkurzydlak.com\/de\/wp-json\/wp\/v2\/product\/21"}],"collection":[{"href":"https:\/\/tomekkurzydlak.com\/de\/wp-json\/wp\/v2\/product"}],"about":[{"href":"https:\/\/tomekkurzydlak.com\/de\/wp-json\/wp\/v2\/types\/product"}],"replies":[{"embeddable":true,"href":"https:\/\/tomekkurzydlak.com\/de\/wp-json\/wp\/v2\/comments?post=21"}],"wp:featuredmedia":[{"embeddable":true,"href":"https:\/\/tomekkurzydlak.com\/de\/wp-json\/wp\/v2\/media\/86"}],"wp:attachment":[{"href":"https:\/\/tomekkurzydlak.com\/de\/wp-json\/wp\/v2\/media?parent=21"}],"curies":[{"name":"wp","href":"https:\/\/api.w.org\/{rel}","templated":true}]}}