{"id":20,"date":"2019-04-24T20:10:47","date_gmt":"2019-04-24T18:10:47","guid":{"rendered":"https:\/\/tomekkurzydlak.com\/de\/product\/import-placeholder-for-39736\/"},"modified":"2024-07-26T03:47:09","modified_gmt":"2024-07-26T01:47:09","slug":"light-leak-04-lightroom-tools","status":"publish","type":"product","link":"https:\/\/tomekkurzydlak.com\/de\/product\/light-leak-04-lightroom-tools\/","title":{"rendered":"&#8220;Light Leak&#8221; #04 Lightroom tools"},"content":{"rendered":"<p><img loading=\"lazy\" class=\"wp-image-39737 size-full alignright\" src=\"https:\/\/tomekkurzydlak.com\/wp-content\/uploads\/2019\/04\/light-leak-lr-presets-reveal.jpg\" alt=\"light leaks lightroom\" width=\"600\" height=\"710\" \/><\/p>\n<p><strong>Siehe Anwendungsbeispiele und Bilder vorher und nachher <a href=\"https:\/\/tomekkurzydlak.com\/de\/light-leak-lightroom-tools-samples\/\">Light Leak presets<\/a><\/strong><\/p>\n<p>Das Paket enth\u00e4lt die folgenden Tools:<\/p>\n<ol>\n<li>Leak 01<\/li>\n<li>Leak 02<\/li>\n<li>Leak 03<\/li>\n<li>Leak 04<\/li>\n<li>Leak 05<\/li>\n<li>Leak 06<\/li>\n<li>Leak 07<\/li>\n<li>Leak 08<\/li>\n<li>Sunlight 01<\/li>\n<li>Sunlight 02<\/li>\n<li>Sunlight 03<\/li>\n<li>Sunlight 04<\/li>\n<\/ol>\n<p>Wichtig: Voreinstellungen erzeugen keine Flares oder Schl\u00e4ge. Diese Voreinstellungen \u00e4ndern die Farbe lokal, verwischen, gl\u00e4nzen oder verbessern die durch das einfallende Licht hervorgerufenen Effekte.<br \/>\n<strong>Siehe Anwendungsbeispiele und Bilder vorher und nachher <a href=\"https:\/\/tomekkurzydlak.com\/de\/light-leak-lightroom-tools-samples\/\">Light Leak presets<\/a><\/strong><\/p>\n","protected":false},"excerpt":{"rendered":"<p>&#8220;Light Leaks&#8221; Lightroom-Tools besteht aus 12 Voreinstellungen &#8211; Tools f\u00fcr Adobe Lightroom 4, 5, 6, CC. Sie werden verwendet, um den Effekt von scharfem Licht zu erzielen, das direkt in die Linse f\u00e4llt, und um den Effekt anzuwenden, der von Filmfilmen bekannt ist, wenn das Licht durch das undichte Kamera- \/ Filmgeh\u00e4use gelangt ist. Dank dieser Voreinstellungen verleihen Sie Ihren Fotos einen neuen, einzigartigen Charakter. Presets funktionieren perfekt f\u00fcr Outdoor-Sitzungen, die w\u00e4hrend des sonnigen Nachmittags durchgef\u00fchrt werden. &#8220;goldene stunde&#8221;. Sie werden die Farben betonen, die Blaut\u00f6ne und Flares hervorheben und Rot- und Goldfarben hinzuf\u00fcgen. W\u00e4hlen Sie einfach eine Voreinstellung aus der Liste aus und passen Sie die Belichtung und den Wei\u00dfabgleich an. Sie k\u00f6nnen auch den Bereich der &#8220;Streifen&#8221; &#8211; &#8220;Lichtlecks&#8221; oder deren Farben \u00e4ndern, um noch interessantere Effekte zu erhalten.<\/p>\n<p>Die besten Effekte von Presets &#8211; die &#8220;Light Leaks&#8221; -Tools, die Sie mit unseren Presets erhalten <a href=\"https:\/\/tomekkurzydlak.com\/de\/product\/warm-tones-02-wedding-presets\/\">&#8220;Warm Tones&#8221;<\/a>.<\/p>\n<p>Besuchen Sie unseren YouTube-Kanal und sehen Sie, wie wir Fotos mit unseren Voreinstellungen und Lightroom-Tools verarbeiten<\/p>\n<p><strong>Siehe Anwendungsbeispiele und Bilder vorher und nachher <a href=\"https:\/\/tomekkurzydlak.com\/de\/light-leak-lightroom-tools-samples\/\">Light Leak presets<\/a><\/strong><\/p>\n","protected":false},"featured_media":88,"comment_status":"open","ping_status":"closed","template":"","meta":{"_monsterinsights_skip_tracking":false,"_monsterinsights_sitenote_active":false,"_monsterinsights_sitenote_note":"","_monsterinsights_sitenote_category":0},"_links":{"self":[{"href":"https:\/\/tomekkurzydlak.com\/de\/wp-json\/wp\/v2\/product\/20"}],"collection":[{"href":"https:\/\/tomekkurzydlak.com\/de\/wp-json\/wp\/v2\/product"}],"about":[{"href":"https:\/\/tomekkurzydlak.com\/de\/wp-json\/wp\/v2\/types\/product"}],"replies":[{"embeddable":true,"href":"https:\/\/tomekkurzydlak.com\/de\/wp-json\/wp\/v2\/comments?post=20"}],"wp:featuredmedia":[{"embeddable":true,"href":"https:\/\/tomekkurzydlak.com\/de\/wp-json\/wp\/v2\/media\/88"}],"wp:attachment":[{"href":"https:\/\/tomekkurzydlak.com\/de\/wp-json\/wp\/v2\/media?parent=20"}],"curies":[{"name":"wp","href":"https:\/\/api.w.org\/{rel}","templated":true}]}}