{"id":18,"date":"2019-04-24T20:10:47","date_gmt":"2019-04-24T18:10:47","guid":{"rendered":"https:\/\/tomekkurzydlak.com\/de\/product\/import-placeholder-for-39670\/"},"modified":"2020-07-22T13:49:46","modified_gmt":"2020-07-22T11:49:46","slug":"warm-tones-02-wedding-presets","status":"publish","type":"product","link":"https:\/\/tomekkurzydlak.com\/de\/product\/warm-tones-02-wedding-presets\/","title":{"rendered":"&#8220;Warm tones&#8221; #02 wedding presets"},"content":{"rendered":"<p><img loading=\"lazy\" class=\"size-full wp-image-38668 alignright\" src=\"https:\/\/tomekkurzydlak.com\/wp-content\/uploads\/2019\/04\/warm-tones.jpg\" alt=\"warm tones wedding presets\" width=\"600\" height=\"710\" \/><\/p>\n<p><strong>Siehe Anwendungsbeispiele und Bilder vorher und nachher <a href=\"https:\/\/tomekkurzydlak.com\/de\/warm-tones-wedding-presets-samples\/\">Warm Tones presets<\/a><\/strong><\/p>\n<p>Das Paket enth\u00e4lt folgende Voreinstellungen:<\/p>\n<ol>\n<li>Warm tones 1<\/li>\n<li>Warm tones 2<\/li>\n<li>Warm tones 3<\/li>\n<li>Warm tones 4<\/li>\n<li>Warm tones 5<\/li>\n<li>Warm tones 6<\/li>\n<li>Warm tones 7<\/li>\n<li>Warm tones 8<\/li>\n<li>Warm tones 9<\/li>\n<\/ol>\n<p>Dar\u00fcber hinaus sind 2 Vorbehalte der spezifischen Verwendung kostenlos:<\/p>\n<ol>\n<li>Warm tones 10 &#8211; Saturated (perfekt f\u00fcr details)<\/li>\n<li>Warm tones 11 &#8211; High Whites (ideal f\u00fcr besonders hohe kontraste und wei\u00df am rand der r\u00f6ntgenstrahlen)<\/li>\n<\/ol>\n<p>und Werkzeuge:<\/p>\n<ol>\n<li>Grain &#8212;<\/li>\n<li>Grain +<\/li>\n<li>Grain ++<\/li>\n<li>Vignette +<\/li>\n<li>Reset<\/li>\n<\/ol>\n<p><strong>Siehe Anwendungsbeispiele und Bilder vorher und nachher <a href=\"https:\/\/tomekkurzydlak.com\/de\/warm-tones-wedding-presets-samples\/\">Warm Tones presets<\/a><\/strong><\/p>\n","protected":false},"excerpt":{"rendered":"<p>&#8220;Warm Tones&#8221; Hochzeitspresets sind ein Set von 10 Presets f\u00fcr Adobe Lightroom 4, 5, 6, CC. Dar\u00fcber hinaus enth\u00e4lt das Paket mehrere Tools zum Anpassen von Ger\u00e4uschen und Vignetten sowie Installationsanweisungen. Dank dieser Voreinstellungen verleihen Sie Ihren Fotos einen neuen, einzigartigen Charakter. Presets eignen sich perfekt f\u00fcr Outdoor-Sitzungen, Hochzeitsreportagen und wundersch\u00f6ne Hochzeitsdetails wie alle Hochzeits-R\u00e4tsel oder Tischdekorationen.<\/p>\n<p>W\u00e4hlen Sie einfach eine Voreinstellung aus der Liste aus und passen Sie die Belichtung und den Wei\u00dfabgleich an.<br \/>\nJe nach Belichtung muss die Belichtung m\u00f6glicherweise verringert werden.<br \/>\nDie besten Effekte der &#8220;Warm Tones&#8221; -Voreinstellungen werden erzielt, indem die Belichtung verringert und die Farbtemperatur des Fotos erh\u00f6ht wird.<\/p>\n<p><em>&#8220;Warm Tones&#8221; sind die Auswirkungen unserer f\u00fcnfzehnj\u00e4hrigen Arbeit als Hochzeitsfotografen. Wir haben sie jahrelang kreiert, um nach den besten Einstellungen zu suchen, und unsere Rezensenten waren unsere Kunden &#8211; junge Paare. Presets, die Sie in diesem Paket finden, passen am besten zu den Fotos, auf denen Sie sch\u00f6nes Gegenlicht gefangen haben. Sie geben der Haut eine modische, warme Farbe, betonen die Sonne mit der &#8220;goldenen Stunde&#8221; und bringen den Blues zum Vorschein. Abh\u00e4ngig von der gew\u00e4hlten Voreinstellung erhalten Sie eine sehr warme Farbe oder zarte, sogenannte &#8220;teal &amp; orange&#8221;.<\/em><\/p>\n<p><strong>Siehe Anwendungsbeispiele und Bilder vorher und nachher <a href=\"https:\/\/tomekkurzydlak.com\/de\/warm-tones-wedding-presets-samples\/\">Warm Tones presets<\/a><\/strong><\/p>\n","protected":false},"featured_media":85,"comment_status":"open","ping_status":"closed","template":"","meta":{"_monsterinsights_skip_tracking":false,"_monsterinsights_sitenote_active":false,"_monsterinsights_sitenote_note":"","_monsterinsights_sitenote_category":0},"_links":{"self":[{"href":"https:\/\/tomekkurzydlak.com\/de\/wp-json\/wp\/v2\/product\/18"}],"collection":[{"href":"https:\/\/tomekkurzydlak.com\/de\/wp-json\/wp\/v2\/product"}],"about":[{"href":"https:\/\/tomekkurzydlak.com\/de\/wp-json\/wp\/v2\/types\/product"}],"replies":[{"embeddable":true,"href":"https:\/\/tomekkurzydlak.com\/de\/wp-json\/wp\/v2\/comments?post=18"}],"wp:featuredmedia":[{"embeddable":true,"href":"https:\/\/tomekkurzydlak.com\/de\/wp-json\/wp\/v2\/media\/85"}],"wp:attachment":[{"href":"https:\/\/tomekkurzydlak.com\/de\/wp-json\/wp\/v2\/media?parent=18"}],"curies":[{"name":"wp","href":"https:\/\/api.w.org\/{rel}","templated":true}]}}