{"id":3,"date":"2019-04-24T17:38:30","date_gmt":"2019-04-24T15:38:30","guid":{"rendered":"http:\/\/tomekkurzydlak.com\/de\/?page_id=3"},"modified":"2019-05-02T14:52:05","modified_gmt":"2019-05-02T12:52:05","slug":"privacy-policy","status":"publish","type":"page","link":"https:\/\/tomekkurzydlak.com\/de\/privacy-policy\/","title":{"rendered":"Privacy policy"},"content":{"rendered":"\r\n<p>Diese Website tomekkurzydlak.com\/de verwendet Cookies und \/ oder \u00e4hnliche Technologien, um das ordnungsgem\u00e4\u00dfe Funktionieren der Website zu erm\u00f6glichen und den Inhalt an die Bed\u00fcrfnisse der Benutzer anzupassen.<\/p>\r\n<p>Nach art. 13 Abs. 1 und 2 der Verordnung (EU) 2016\/679 des Europ\u00e4ischen Parlaments und des Rates vom 27. April 2016 zum Schutz nat\u00fcrlicher Personen bei der Verarbeitung personenbezogener Daten und zum freien Datenverkehr und zur Aufhebung der Richtlinie 95\/46 \/ EG &#8230; (Journal of Laws EU L 119\/1 vom 4.5.2016), im Folgenden als RODO bezeichnet, sind wir verpflichtet, Sie zu informieren, dass:<\/p>\r\n<p>Der Administrator der pers\u00f6nlichen Daten ist One Way Sp\u00f3\u0142ka z ograniczon\u0105 odpowiedzialno\u015bci\u0105 (GmBH) mit Sitz 00-052 Warschau, Ul. Mazowiecka 11 Platz 49 in das Register der Unternehmer des Bezirksgerichts f\u00fcr die Hauptstadt Warschau in Warschau, XII Commercial Division des Landesgerichtsregisters unter der Nummer KRS 0000438499 eingetragen<\/p>\r\n<p>Der Zweck der Erhebung und Verarbeitung pers\u00f6nlicher Daten ist die F\u00e4higkeit, die Website zu betreiben und Online-Eink\u00e4ufe durchzuf\u00fchren, d. H. Korrespondenz, Versand von Materialien, die sich aus dem Betrieb des Online-Shops ergeben.<\/p>\r\n<p>Der Auftragnehmer verpflichtet sich, anvertraute personenbezogene Daten nur im Umfang und zur Erreichung der oben genannten Ziele zu verarbeiten<br \/>Die Angabe von Daten ist freiwillig, kann jedoch dazu f\u00fchren, dass Auftr\u00e4ge nicht bearbeitet werden k\u00f6nnen.<\/p>\r\n<p>Die Benutzer der Website haben das Recht, auf ihre personenbezogenen Daten zuzugreifen und das Recht auf Berichtigung, L\u00f6schung, Beschr\u00e4nkung der Verarbeitung, das Recht auf Daten\u00fcbertragung, das Widerspruchsrecht und das Recht, die Einwilligung jederzeit zu widerrufen, ohne die Rechtm\u00e4\u00dfigkeit der Verarbeitung zu beeintr\u00e4chtigen, die aufgrund der vorherigen Zustimmung gemacht wurde sein R\u00fcckzug<\/p>\r\n<p>Die Website-Benutzer haben das Recht, eine Beschwerde beim Pr\u00e4sidenten des Amtes f\u00fcr den Schutz personenbezogener Daten einzureichen, wenn sie der Meinung sind, dass die Verarbeitung ihrer pers\u00f6nlichen Daten gegen die Bestimmungen des RODO verst\u00f6\u00dft<\/p>\r\n<p>Das Speichern von Cookies kann in den Einstellungen Ihres Webbrowsers deaktiviert werden.<\/p>\r\n<p>Keine \u00c4nderungen in \u00dcbereinstimmung mit den geltenden Bestimmungen bedeuten die Annahme von Cookies, die von der Website tomekkurzydlak.com und den Partner-Websites gesendet werden, z. B. Google Analytics und \/ oder andere.<\/p>\r\n","protected":false},"excerpt":{"rendered":"<p>Diese Website tomekkurzydlak.com\/de verwendet Cookies und \/ oder \u00e4hnliche Technologien, um das ordnungsgem\u00e4\u00dfe Funktionieren der Website zu erm\u00f6glichen und den Inhalt an die Bed\u00fcrfnisse der Benutzer anzupassen. Nach art. 13 Abs. 1 und 2 der Verordnung (EU) 2016\/679 des Europ\u00e4ischen Parlaments und des Rates vom 27. April 2016 zum Schutz nat\u00fcrlicher Personen bei der Verarbeitung&hellip;<\/p>\n","protected":false},"author":1,"featured_media":0,"parent":0,"menu_order":0,"comment_status":"closed","ping_status":"open","template":"","meta":{"_monsterinsights_skip_tracking":false,"_monsterinsights_sitenote_active":false,"_monsterinsights_sitenote_note":"","_monsterinsights_sitenote_category":0},"_links":{"self":[{"href":"https:\/\/tomekkurzydlak.com\/de\/wp-json\/wp\/v2\/pages\/3"}],"collection":[{"href":"https:\/\/tomekkurzydlak.com\/de\/wp-json\/wp\/v2\/pages"}],"about":[{"href":"https:\/\/tomekkurzydlak.com\/de\/wp-json\/wp\/v2\/types\/page"}],"author":[{"embeddable":true,"href":"https:\/\/tomekkurzydlak.com\/de\/wp-json\/wp\/v2\/users\/1"}],"replies":[{"embeddable":true,"href":"https:\/\/tomekkurzydlak.com\/de\/wp-json\/wp\/v2\/comments?post=3"}],"version-history":[{"count":1,"href":"https:\/\/tomekkurzydlak.com\/de\/wp-json\/wp\/v2\/pages\/3\/revisions"}],"predecessor-version":[{"id":75,"href":"https:\/\/tomekkurzydlak.com\/de\/wp-json\/wp\/v2\/pages\/3\/revisions\/75"}],"wp:attachment":[{"href":"https:\/\/tomekkurzydlak.com\/de\/wp-json\/wp\/v2\/media?parent=3"}],"curies":[{"name":"wp","href":"https:\/\/api.w.org\/{rel}","templated":true}]}}